{"id":53,"date":"2016-04-21T14:44:52","date_gmt":"2016-04-21T14:44:52","guid":{"rendered":"http:\/\/www.u65.ch\/?page_id=53"},"modified":"2023-08-04T14:39:36","modified_gmt":"2023-08-04T14:39:36","slug":"sprechstunde","status":"publish","type":"page","link":"https:\/\/u65.ch\/?page_id=53","title":{"rendered":"Sprechstunde"},"content":{"rendered":"\n<p>Alle Leistungen k\u00f6nnen \u00fcber die gesetzlichen Krankenversicherungen abgerechnet werden.<\/p>\n\n\n\n<h1 class=\"wp-block-heading\" id=\"block-c2567e5f-583d-4898-baae-121008b989f2\">Schwerpunkt der Praxis<\/h1>\n\n\n\n<p>Schwerpunkt in meiner Sprechstunde sind psychoanalytisch orientierte Therapien und Psychoanalysen.<\/p>\n\n\n\n<p>Zudem biete ich Abkl\u00e4rungen bei schweren und chronifizierten Depressions- und Angsterkrankungen an. Dabei werden sowohl psychopharmakologische Behandlungen evaluiert als auch interventionelle biologische Verfahren (Elektrokonvulsionstherapie, tiefe Hirnstimulation) erwogen.<\/p>\n\n\n\n<p>Ausserdem stehe ich f\u00fcr die Beratung und Begleitung bei schweren k\u00f6rperlichen Erkrankungen inklusive Psychoonkologie zur Verf\u00fcgung. Inbesondere habe ich Erfahrungen bei Organtransplantationen jeder Art, neurologischen Erkrankungen, gastroenterologischen Erkrankungen, Cystischer Fibrose und chronischem Schmerz.<\/p>\n\n\n\n<h2 class=\"wp-block-heading\">Cognitive Behavioral Analysis System of Psychotherapie (CBASP)<\/h2>\n\n\n\n<p>Chronische depressive Zust\u00e4nde k\u00f6nnen nach dem Cognitive Behavioral Analysis System of Psychotherapy (CBASP) behandelt werden.<\/p>\n\n\n\n<p><script>\/\/ <![CDATA[\n(function(i,s,o,g,r,a,m){i['GoogleAnalyticsObject']=r;i[r]=i[r]||function(){ (i[r].q=i[r].q||[]).push(arguments)},i[r].l=1*new Date();a=s.createElement(o), m=s.getElementsByTagName(o)[0];a.async=1;a.src=g;m.parentNode.insertBefore(a,m) })(window,document,'script','https:\/\/www.google-analytics.com\/analytics.js','ga'); ga('create', 'UA-36276138-2', 'auto'); ga('send', 'pageview');<br \/>\n\/\/ ]]><\/script><\/p>\n","protected":false},"excerpt":{"rendered":"<p>Alle Leistungen k\u00f6nnen \u00fcber die gesetzlichen Krankenversicherungen abgerechnet werden. Schwerpunkt der Praxis Schwerpunkt in meiner Sprechstunde sind psychoanalytisch orientierte Therapien und Psychoanalysen. Zudem biete ich Abkl\u00e4rungen bei schweren und chronifizierten Depressions- und Angsterkrankungen an. Dabei werden sowohl psychopharmakologische Behandlungen evaluiert als auch interventionelle biologische Verfahren (Elektrokonvulsionstherapie, tiefe Hirnstimulation) erwogen. Ausserdem stehe ich f\u00fcr die Beratung [&hellip;]<\/p>\n","protected":false},"author":2,"featured_media":0,"parent":0,"menu_order":0,"comment_status":"closed","ping_status":"closed","template":"","meta":{"footnotes":""},"class_list":["post-53","page","type-page","status-publish","hentry"],"yoast_head":"<!-- This site is optimized with the Yoast SEO plugin v26.9 - https:\/\/yoast.com\/product\/yoast-seo-wordpress\/ -->\n<title>Sprechstunde - PD Dr. med. Andre Richter<\/title>\n<meta name=\"description\" content=\"Sprechstunde f\u00fcr: Psychoanalytische Therapie, Psychoanalyse, Chronische Depression (nach CBASP), Angst, Elektrokrampftherpie, Ketamininfusion.\" \/>\n<meta name=\"robots\" content=\"index, follow, max-snippet:-1, max-image-preview:large, max-video-preview:-1\" \/>\n<link rel=\"canonical\" href=\"https:\/\/u65.ch\/?page_id=53\" \/>\n<meta property=\"og:locale\" content=\"de_DE\" \/>\n<meta property=\"og:type\" content=\"article\" \/>\n<meta property=\"og:title\" content=\"Sprechstunde - PD Dr. med. Andre Richter\" \/>\n<meta property=\"og:description\" content=\"Sprechstunde f\u00fcr: Psychoanalytische Therapie, Psychoanalyse, Chronische Depression (nach CBASP), Angst, Elektrokrampftherpie, Ketamininfusion.\" \/>\n<meta property=\"og:url\" content=\"https:\/\/u65.ch\/?page_id=53\" \/>\n<meta property=\"og:site_name\" content=\"PD Dr. med. Andre Richter\" \/>\n<meta property=\"article:modified_time\" content=\"2023-08-04T14:39:36+00:00\" \/>\n<meta name=\"twitter:card\" content=\"summary_large_image\" \/>\n<meta name=\"twitter:label1\" content=\"Gesch\u00e4tzte Lesezeit\" \/>\n\t<meta name=\"twitter:data1\" content=\"1\u00a0Minute\" \/>\n<script type=\"application\/ld+json\" class=\"yoast-schema-graph\">{\"@context\":\"https:\/\/schema.org\",\"@graph\":[{\"@type\":\"WebPage\",\"@id\":\"https:\/\/u65.ch\/?page_id=53\",\"url\":\"https:\/\/u65.ch\/?page_id=53\",\"name\":\"Sprechstunde - PD Dr. med. Andre Richter\",\"isPartOf\":{\"@id\":\"https:\/\/u65.ch\/#website\"},\"datePublished\":\"2016-04-21T14:44:52+00:00\",\"dateModified\":\"2023-08-04T14:39:36+00:00\",\"description\":\"Sprechstunde f\u00fcr: Psychoanalytische Therapie, Psychoanalyse, Chronische Depression (nach CBASP), Angst, Elektrokrampftherpie, Ketamininfusion.\",\"breadcrumb\":{\"@id\":\"https:\/\/u65.ch\/?page_id=53#breadcrumb\"},\"inLanguage\":\"de\",\"potentialAction\":[{\"@type\":\"ReadAction\",\"target\":[\"https:\/\/u65.ch\/?page_id=53\"]}]},{\"@type\":\"BreadcrumbList\",\"@id\":\"https:\/\/u65.ch\/?page_id=53#breadcrumb\",\"itemListElement\":[{\"@type\":\"ListItem\",\"position\":1,\"name\":\"Startseite\",\"item\":\"https:\/\/u65.ch\/\"},{\"@type\":\"ListItem\",\"position\":2,\"name\":\"Sprechstunde\"}]},{\"@type\":\"WebSite\",\"@id\":\"https:\/\/u65.ch\/#website\",\"url\":\"https:\/\/u65.ch\/\",\"name\":\"PD Dr. med. Andre Richter\",\"description\":\"Praxis f\u00fcr Psychiatrie und Psychoanalyse\",\"potentialAction\":[{\"@type\":\"SearchAction\",\"target\":{\"@type\":\"EntryPoint\",\"urlTemplate\":\"https:\/\/u65.ch\/?s={search_term_string}\"},\"query-input\":{\"@type\":\"PropertyValueSpecification\",\"valueRequired\":true,\"valueName\":\"search_term_string\"}}],\"inLanguage\":\"de\"}]}<\/script>\n<!-- \/ Yoast SEO plugin. -->","yoast_head_json":{"title":"Sprechstunde - PD Dr. med. Andre Richter","description":"Sprechstunde f\u00fcr: Psychoanalytische Therapie, Psychoanalyse, Chronische Depression (nach CBASP), Angst, Elektrokrampftherpie, Ketamininfusion.","robots":{"index":"index","follow":"follow","max-snippet":"max-snippet:-1","max-image-preview":"max-image-preview:large","max-video-preview":"max-video-preview:-1"},"canonical":"https:\/\/u65.ch\/?page_id=53","og_locale":"de_DE","og_type":"article","og_title":"Sprechstunde - PD Dr. med. Andre Richter","og_description":"Sprechstunde f\u00fcr: Psychoanalytische Therapie, Psychoanalyse, Chronische Depression (nach CBASP), Angst, Elektrokrampftherpie, Ketamininfusion.","og_url":"https:\/\/u65.ch\/?page_id=53","og_site_name":"PD Dr. med. Andre Richter","article_modified_time":"2023-08-04T14:39:36+00:00","twitter_card":"summary_large_image","twitter_misc":{"Gesch\u00e4tzte Lesezeit":"1\u00a0Minute"},"schema":{"@context":"https:\/\/schema.org","@graph":[{"@type":"WebPage","@id":"https:\/\/u65.ch\/?page_id=53","url":"https:\/\/u65.ch\/?page_id=53","name":"Sprechstunde - PD Dr. med. Andre Richter","isPartOf":{"@id":"https:\/\/u65.ch\/#website"},"datePublished":"2016-04-21T14:44:52+00:00","dateModified":"2023-08-04T14:39:36+00:00","description":"Sprechstunde f\u00fcr: Psychoanalytische Therapie, Psychoanalyse, Chronische Depression (nach CBASP), Angst, Elektrokrampftherpie, Ketamininfusion.","breadcrumb":{"@id":"https:\/\/u65.ch\/?page_id=53#breadcrumb"},"inLanguage":"de","potentialAction":[{"@type":"ReadAction","target":["https:\/\/u65.ch\/?page_id=53"]}]},{"@type":"BreadcrumbList","@id":"https:\/\/u65.ch\/?page_id=53#breadcrumb","itemListElement":[{"@type":"ListItem","position":1,"name":"Startseite","item":"https:\/\/u65.ch\/"},{"@type":"ListItem","position":2,"name":"Sprechstunde"}]},{"@type":"WebSite","@id":"https:\/\/u65.ch\/#website","url":"https:\/\/u65.ch\/","name":"PD Dr. med. Andre Richter","description":"Praxis f\u00fcr Psychiatrie und Psychoanalyse","potentialAction":[{"@type":"SearchAction","target":{"@type":"EntryPoint","urlTemplate":"https:\/\/u65.ch\/?s={search_term_string}"},"query-input":{"@type":"PropertyValueSpecification","valueRequired":true,"valueName":"search_term_string"}}],"inLanguage":"de"}]}},"_links":{"self":[{"href":"https:\/\/u65.ch\/index.php?rest_route=\/wp\/v2\/pages\/53","targetHints":{"allow":["GET"]}}],"collection":[{"href":"https:\/\/u65.ch\/index.php?rest_route=\/wp\/v2\/pages"}],"about":[{"href":"https:\/\/u65.ch\/index.php?rest_route=\/wp\/v2\/types\/page"}],"author":[{"embeddable":true,"href":"https:\/\/u65.ch\/index.php?rest_route=\/wp\/v2\/users\/2"}],"replies":[{"embeddable":true,"href":"https:\/\/u65.ch\/index.php?rest_route=%2Fwp%2Fv2%2Fcomments&post=53"}],"version-history":[{"count":19,"href":"https:\/\/u65.ch\/index.php?rest_route=\/wp\/v2\/pages\/53\/revisions"}],"predecessor-version":[{"id":286,"href":"https:\/\/u65.ch\/index.php?rest_route=\/wp\/v2\/pages\/53\/revisions\/286"}],"wp:attachment":[{"href":"https:\/\/u65.ch\/index.php?rest_route=%2Fwp%2Fv2%2Fmedia&parent=53"}],"curies":[{"name":"wp","href":"https:\/\/api.w.org\/{rel}","templated":true}]}}