{"id":51,"date":"2016-04-21T14:44:40","date_gmt":"2016-04-21T14:44:40","guid":{"rendered":"http:\/\/www.u65.ch\/?page_id=51"},"modified":"2025-11-15T10:18:24","modified_gmt":"2025-11-15T10:18:24","slug":"dr-med-andre-richter","status":"publish","type":"page","link":"https:\/\/u65.ch\/?page_id=51","title":{"rendered":"Curriculum vitae"},"content":{"rendered":"\n<h2 class=\"wp-block-heading\">Berufspraxis<\/h2>\n\n\n\n<figure class=\"wp-block-table\"><table><tbody><tr><td><strong>2012 &#8211; 2021<\/strong><\/td><td>Oberarzt im Transplantationszentrum,&nbsp; Klinik f\u00fcr Konsiliarpsychiatrie und Psychosomatik, Universit\u00e4tsSpital Z\u00fcrich (Prof. U. Schnyder \/ Prof. R. von K\u00e4nel)<\/td><\/tr><tr><td><strong>seit 2012<\/strong><\/td><td>T\u00e4tigkeit in eigener psychiatrischen und psychotherapeutischen Praxis<\/td><\/tr><tr><td><strong>2006 &#8211; 2012<\/strong><\/td><td>Oberarzt auf einer Spezialstation mit Schwerpunkt f\u00fcr Angst- und Depressionskrankheiten und einer Akutstation der Klinik f\u00fcr affektive Erkrankungen und Allgemeinpsychiatrie Ost der Psychiatrischen Universit\u00e4tsklinik Z\u00fcrich (Prof. D. Hell und Prof. E. Seifritz)<\/td><\/tr><tr><td><strong>2005 &#8211; 2006<\/strong><\/td><td>Assistenzarzt an der Neurochirurgischen Klinik des Universit\u00e4tsSpital Z\u00fcrich<br>(Prof. Yonekawa)<\/td><\/tr><tr><td><strong>2003 &#8211; 2005<\/strong><\/td><td>Assistenzarzt am Ambulatorium der Psychiatrischen Poliklinik des Universit\u00e4tsSpital Z\u00fcrich (Prof. U. Schnyder)<\/td><\/tr><tr><td><strong>2000 &#8211; 2003<\/strong><\/td><td>Assistenzarzt an der Psychiatrischen Universit\u00e4tsklinik Z\u00fcrich (Prof. D. Hell)<\/td><\/tr><\/tbody><\/table><\/figure>\n\n\n\n<h2 class=\"wp-block-heading\">Lehre<\/h2>\n\n\n\n<h2 class=\"wp-block-heading\">Psychotherapeutische Ausbildung<\/h2>\n\n\n\n<figure class=\"wp-block-table\"><table><tbody><tr><td><strong>2021 &#8211; 25<\/strong><\/td><td class=\"has-text-align-left\" data-align=\"left\">Mitglied der Weiterbildungskommission am Psychoanalytischen Seminar Z\u00fcrich (PSZ)<\/td><\/tr><tr><td><strong>seit 2021<\/strong><\/td><td class=\"has-text-align-left\" data-align=\"left\">Dozent an der ZHAW, Psychologisches Institut des Departements Angewandte Psychologie<\/td><\/tr><tr><td><strong>2021<\/strong><\/td><td class=\"has-text-align-left\" data-align=\"left\">Venia Legendi der Universit\u00e4t Z\u00fcrich<\/td><\/tr><tr><td><strong>seit 2007<\/strong><\/td><td class=\"has-text-align-left\" data-align=\"left\">Lehr- und Pr\u00fcfungst\u00e4tigkeit an der Universit\u00e4t Z\u00fcrich<\/td><\/tr><\/tbody><\/table><\/figure>\n\n\n\n<figure class=\"wp-block-table\"><table><tbody><tr><td><strong>2022<\/strong><\/td><td>SuWe Supervision in psychoanalytischer Fallsupervision<\/td><\/tr><tr><td><strong>seit 2010<\/strong><\/td><td>Zertfizierung CBASP, Arbeitsgemeinschaft Wissenschaftliche Psychotherapie (AWP)<\/td><\/tr><tr><td><strong>seit 2009<\/strong><\/td><td>Psychoanalytisches Seminar Z\u00fcrich (PSZ)<\/td><\/tr><tr><td><strong>2003 &#8211; 2006<\/strong><\/td><td>Freud-Institut Z\u00fcrich (FIZ)<\/td><\/tr><\/tbody><\/table><\/figure>\n\n\n\n<h2 class=\"wp-block-heading\">Medizinische Ausbildung<\/h2>\n\n\n\n<figure class=\"wp-block-table\"><table><tbody><tr><td><strong>2017<\/strong><\/td><td>FMH Schwerpunkt Konsiliar- und Liaisonpsychiatrie<\/td><\/tr><tr><td><strong>2006<\/strong><\/td><td>FMH Psychiatrie und Psychotherapie<\/td><\/tr><tr><td><strong>2000<\/strong><\/td><td>Staatsexamen<\/td><\/tr><tr><td><strong>1992 &#8211; 2000<\/strong><\/td><td>Studium der Humanmedizin an der O.v.G. -Universit\u00e4t Magdeburg<\/td><\/tr><\/tbody><\/table><\/figure>\n\n\n\n<p><script>\/\/ <![CDATA[\n(function(i,s,o,g,r,a,m){i['GoogleAnalyticsObject']=r;i[r]=i[r]||function(){ (i[r].q=i[r].q||[]).push(arguments)},i[r].l=1*new Date();a=s.createElement(o), m=s.getElementsByTagName(o)[0];a.async=1;a.src=g;m.parentNode.insertBefore(a,m) })(window,document,'script','https:\/\/www.google-analytics.com\/analytics.js','ga'); ga('create', 'UA-36276138-2', 'auto'); ga('send', 'pageview');<br \/>\n\/\/ ]]><\/script><\/p>\n","protected":false},"excerpt":{"rendered":"<p>Berufspraxis 2012 &#8211; 2021 Oberarzt im Transplantationszentrum,&nbsp; Klinik f\u00fcr Konsiliarpsychiatrie und Psychosomatik, Universit\u00e4tsSpital Z\u00fcrich (Prof. U. Schnyder \/ Prof. R. von K\u00e4nel) seit 2012 T\u00e4tigkeit in eigener psychiatrischen und psychotherapeutischen Praxis 2006 &#8211; 2012 Oberarzt auf einer Spezialstation mit Schwerpunkt f\u00fcr Angst- und Depressionskrankheiten und einer Akutstation der Klinik f\u00fcr affektive Erkrankungen und Allgemeinpsychiatrie Ost [&hellip;]<\/p>\n","protected":false},"author":2,"featured_media":0,"parent":0,"menu_order":0,"comment_status":"closed","ping_status":"closed","template":"","meta":{"footnotes":""},"class_list":["post-51","page","type-page","status-publish","hentry"],"yoast_head":"<!-- This site is optimized with the Yoast SEO plugin v26.9 - https:\/\/yoast.com\/product\/yoast-seo-wordpress\/ -->\n<title>Curriculum vitae - PD Dr. med. Andre Richter<\/title>\n<meta name=\"description\" content=\"Dr. med. Andre Richter ist Facharzt FMH f\u00fcr Psychiatrie und Psychotherapie. Aktuell ist er neben seiner Praxist\u00e4tigkeit als Oberarzt im USZ t\u00e4tig.\" \/>\n<meta name=\"robots\" content=\"index, follow, max-snippet:-1, max-image-preview:large, max-video-preview:-1\" \/>\n<link rel=\"canonical\" href=\"https:\/\/u65.ch\/?page_id=51\" \/>\n<meta property=\"og:locale\" content=\"de_DE\" \/>\n<meta property=\"og:type\" content=\"article\" \/>\n<meta property=\"og:title\" content=\"Curriculum vitae - PD Dr. med. Andre Richter\" \/>\n<meta property=\"og:description\" content=\"Dr. med. Andre Richter ist Facharzt FMH f\u00fcr Psychiatrie und Psychotherapie. Aktuell ist er neben seiner Praxist\u00e4tigkeit als Oberarzt im USZ t\u00e4tig.\" \/>\n<meta property=\"og:url\" content=\"https:\/\/u65.ch\/?page_id=51\" \/>\n<meta property=\"og:site_name\" content=\"PD Dr. med. Andre Richter\" \/>\n<meta property=\"article:modified_time\" content=\"2025-11-15T10:18:24+00:00\" \/>\n<meta name=\"twitter:card\" content=\"summary_large_image\" \/>\n<meta name=\"twitter:label1\" content=\"Gesch\u00e4tzte Lesezeit\" \/>\n\t<meta name=\"twitter:data1\" content=\"2\u00a0Minuten\" \/>\n<script type=\"application\/ld+json\" class=\"yoast-schema-graph\">{\"@context\":\"https:\/\/schema.org\",\"@graph\":[{\"@type\":\"WebPage\",\"@id\":\"https:\/\/u65.ch\/?page_id=51\",\"url\":\"https:\/\/u65.ch\/?page_id=51\",\"name\":\"Curriculum vitae - PD Dr. med. Andre Richter\",\"isPartOf\":{\"@id\":\"https:\/\/u65.ch\/#website\"},\"datePublished\":\"2016-04-21T14:44:40+00:00\",\"dateModified\":\"2025-11-15T10:18:24+00:00\",\"description\":\"Dr. med. Andre Richter ist Facharzt FMH f\u00fcr Psychiatrie und Psychotherapie. Aktuell ist er neben seiner Praxist\u00e4tigkeit als Oberarzt im USZ t\u00e4tig.\",\"breadcrumb\":{\"@id\":\"https:\/\/u65.ch\/?page_id=51#breadcrumb\"},\"inLanguage\":\"de\",\"potentialAction\":[{\"@type\":\"ReadAction\",\"target\":[\"https:\/\/u65.ch\/?page_id=51\"]}]},{\"@type\":\"BreadcrumbList\",\"@id\":\"https:\/\/u65.ch\/?page_id=51#breadcrumb\",\"itemListElement\":[{\"@type\":\"ListItem\",\"position\":1,\"name\":\"Startseite\",\"item\":\"https:\/\/u65.ch\/\"},{\"@type\":\"ListItem\",\"position\":2,\"name\":\"Curriculum vitae\"}]},{\"@type\":\"WebSite\",\"@id\":\"https:\/\/u65.ch\/#website\",\"url\":\"https:\/\/u65.ch\/\",\"name\":\"PD Dr. med. Andre Richter\",\"description\":\"Praxis f\u00fcr Psychiatrie und Psychoanalyse\",\"potentialAction\":[{\"@type\":\"SearchAction\",\"target\":{\"@type\":\"EntryPoint\",\"urlTemplate\":\"https:\/\/u65.ch\/?s={search_term_string}\"},\"query-input\":{\"@type\":\"PropertyValueSpecification\",\"valueRequired\":true,\"valueName\":\"search_term_string\"}}],\"inLanguage\":\"de\"}]}<\/script>\n<!-- \/ Yoast SEO plugin. -->","yoast_head_json":{"title":"Curriculum vitae - PD Dr. med. Andre Richter","description":"Dr. med. Andre Richter ist Facharzt FMH f\u00fcr Psychiatrie und Psychotherapie. Aktuell ist er neben seiner Praxist\u00e4tigkeit als Oberarzt im USZ t\u00e4tig.","robots":{"index":"index","follow":"follow","max-snippet":"max-snippet:-1","max-image-preview":"max-image-preview:large","max-video-preview":"max-video-preview:-1"},"canonical":"https:\/\/u65.ch\/?page_id=51","og_locale":"de_DE","og_type":"article","og_title":"Curriculum vitae - PD Dr. med. Andre Richter","og_description":"Dr. med. Andre Richter ist Facharzt FMH f\u00fcr Psychiatrie und Psychotherapie. Aktuell ist er neben seiner Praxist\u00e4tigkeit als Oberarzt im USZ t\u00e4tig.","og_url":"https:\/\/u65.ch\/?page_id=51","og_site_name":"PD Dr. med. Andre Richter","article_modified_time":"2025-11-15T10:18:24+00:00","twitter_card":"summary_large_image","twitter_misc":{"Gesch\u00e4tzte Lesezeit":"2\u00a0Minuten"},"schema":{"@context":"https:\/\/schema.org","@graph":[{"@type":"WebPage","@id":"https:\/\/u65.ch\/?page_id=51","url":"https:\/\/u65.ch\/?page_id=51","name":"Curriculum vitae - PD Dr. med. Andre Richter","isPartOf":{"@id":"https:\/\/u65.ch\/#website"},"datePublished":"2016-04-21T14:44:40+00:00","dateModified":"2025-11-15T10:18:24+00:00","description":"Dr. med. Andre Richter ist Facharzt FMH f\u00fcr Psychiatrie und Psychotherapie. Aktuell ist er neben seiner Praxist\u00e4tigkeit als Oberarzt im USZ t\u00e4tig.","breadcrumb":{"@id":"https:\/\/u65.ch\/?page_id=51#breadcrumb"},"inLanguage":"de","potentialAction":[{"@type":"ReadAction","target":["https:\/\/u65.ch\/?page_id=51"]}]},{"@type":"BreadcrumbList","@id":"https:\/\/u65.ch\/?page_id=51#breadcrumb","itemListElement":[{"@type":"ListItem","position":1,"name":"Startseite","item":"https:\/\/u65.ch\/"},{"@type":"ListItem","position":2,"name":"Curriculum vitae"}]},{"@type":"WebSite","@id":"https:\/\/u65.ch\/#website","url":"https:\/\/u65.ch\/","name":"PD Dr. med. Andre Richter","description":"Praxis f\u00fcr Psychiatrie und Psychoanalyse","potentialAction":[{"@type":"SearchAction","target":{"@type":"EntryPoint","urlTemplate":"https:\/\/u65.ch\/?s={search_term_string}"},"query-input":{"@type":"PropertyValueSpecification","valueRequired":true,"valueName":"search_term_string"}}],"inLanguage":"de"}]}},"_links":{"self":[{"href":"https:\/\/u65.ch\/index.php?rest_route=\/wp\/v2\/pages\/51","targetHints":{"allow":["GET"]}}],"collection":[{"href":"https:\/\/u65.ch\/index.php?rest_route=\/wp\/v2\/pages"}],"about":[{"href":"https:\/\/u65.ch\/index.php?rest_route=\/wp\/v2\/types\/page"}],"author":[{"embeddable":true,"href":"https:\/\/u65.ch\/index.php?rest_route=\/wp\/v2\/users\/2"}],"replies":[{"embeddable":true,"href":"https:\/\/u65.ch\/index.php?rest_route=%2Fwp%2Fv2%2Fcomments&post=51"}],"version-history":[{"count":39,"href":"https:\/\/u65.ch\/index.php?rest_route=\/wp\/v2\/pages\/51\/revisions"}],"predecessor-version":[{"id":322,"href":"https:\/\/u65.ch\/index.php?rest_route=\/wp\/v2\/pages\/51\/revisions\/322"}],"wp:attachment":[{"href":"https:\/\/u65.ch\/index.php?rest_route=%2Fwp%2Fv2%2Fmedia&parent=51"}],"curies":[{"name":"wp","href":"https:\/\/api.w.org\/{rel}","templated":true}]}}