{"id":49,"date":"2016-04-21T14:44:20","date_gmt":"2016-04-21T14:44:20","guid":{"rendered":"http:\/\/www.u65.ch\/?page_id=49"},"modified":"2025-11-15T10:13:08","modified_gmt":"2025-11-15T10:13:08","slug":"aktuelles","status":"publish","type":"page","link":"https:\/\/u65.ch\/","title":{"rendered":"Aktuelles aus der Psychoanalytischen Praxis"},"content":{"rendered":"\n<p><strong>&#8222;<a href=\"http:\/\/dx.doi.org\/10.21706\/pdp-23-3-195\">Depressive Erkrankungen verstehen und behandeln &#8211; Wie sich psychodynamische Psychotherapie und Neurowissenschaften erg\u00e4nzen<\/a>&#8222;<\/strong> von Laura Wade-Bohleber und Andre Richter in <em>PDP &#8211; Psychodynamische Psychotherapie<\/em> vom September 2024.<\/p>\n\n\n\n<hr class=\"wp-block-separator has-alpha-channel-opacity\"\/>\n\n\n\n<p>Die Universit\u00e4t Z\u00fcrich erteilte mir mit Wirkung auf den 06. Januar 2021 die <b>Venia Legendi&nbsp;<\/b>und damit das Recht, selbstst\u00e4ndig an der UZH zu lehren. Am Samstag 11. M\u00e4rz 2023 um 10 Uhr halte ich in der Aula meine <strong>Antrittsvorlesung<\/strong> mit dem Titel &#8222;<span class=\"event_title\"><a href=\"https:\/\/www.agenda.uzh.ch\/record.php?id=53199\">Bitte auf die Couch \u2013 Psychotherapeutisches Wissen bereichert die Neurowissenschaften<\/a>&#8222;. <\/span><\/p>\n\n\n\n<hr class=\"wp-block-separator has-alpha-channel-opacity\"\/>\n\n\n\n<p>Sichere Kommunikation zu \u00c4rzten und Institutionen erfolgt \u00fcber den HIN-Server mit meiner e-Mail Adresse andre.richter@hin.ch. F\u00fcr verschl\u00fcsselte elektronische Kurznachrichten steht Ihnen der Schweizer Nachrichtendienst Threema unter der ID XHYPCHA4 oder der Kurznachrichtendienst Signal (Signal Technology Foundation) unter der Telefonnummer 0041(0)78 625 07 53 zur Verf\u00fcgung.<\/p>\n\n\n\n<hr class=\"wp-block-separator has-alpha-channel-opacity\"\/>\n","protected":false},"excerpt":{"rendered":"<p>&#8222;Depressive Erkrankungen verstehen und behandeln &#8211; Wie sich psychodynamische Psychotherapie und Neurowissenschaften erg\u00e4nzen&#8222; von Laura Wade-Bohleber und Andre Richter in PDP &#8211; Psychodynamische Psychotherapie vom September 2024. Die Universit\u00e4t Z\u00fcrich erteilte mir mit Wirkung auf den 06. Januar 2021 die Venia Legendi&nbsp;und damit das Recht, selbstst\u00e4ndig an der UZH zu lehren. Am Samstag 11. M\u00e4rz [&hellip;]<\/p>\n","protected":false},"author":2,"featured_media":0,"parent":0,"menu_order":0,"comment_status":"closed","ping_status":"closed","template":"","meta":{"footnotes":""},"class_list":["post-49","page","type-page","status-publish","hentry"],"yoast_head":"<!-- This site is optimized with the Yoast SEO plugin v26.9 - https:\/\/yoast.com\/product\/yoast-seo-wordpress\/ -->\n<title>Aktuelles aus der Psychoanalytischen Praxis - PD Dr. med. Andre Richter<\/title>\n<meta name=\"description\" content=\"Aktuelles \u00fcber Ferienabwesenheiten oder \u00c4nderungen in der T\u00e4tigkeit von Dr. A. Richter in seiner psychiatrischen und psychoanalytischen Praxis.\" \/>\n<meta name=\"robots\" content=\"index, follow, max-snippet:-1, max-image-preview:large, max-video-preview:-1\" \/>\n<link rel=\"canonical\" href=\"https:\/\/u65.ch\/\" \/>\n<meta property=\"og:locale\" content=\"de_DE\" \/>\n<meta property=\"og:type\" content=\"article\" \/>\n<meta property=\"og:title\" content=\"Aktuelles aus der Psychoanalytischen Praxis - PD Dr. med. Andre Richter\" \/>\n<meta property=\"og:description\" content=\"Aktuelles \u00fcber Ferienabwesenheiten oder \u00c4nderungen in der T\u00e4tigkeit von Dr. A. Richter in seiner psychiatrischen und psychoanalytischen Praxis.\" \/>\n<meta property=\"og:url\" content=\"https:\/\/u65.ch\/\" \/>\n<meta property=\"og:site_name\" content=\"PD Dr. med. Andre Richter\" \/>\n<meta property=\"article:modified_time\" content=\"2025-11-15T10:13:08+00:00\" \/>\n<meta name=\"twitter:card\" content=\"summary_large_image\" \/>\n<meta name=\"twitter:label1\" content=\"Gesch\u00e4tzte Lesezeit\" \/>\n\t<meta name=\"twitter:data1\" content=\"1\u00a0Minute\" \/>\n<script type=\"application\/ld+json\" class=\"yoast-schema-graph\">{\"@context\":\"https:\/\/schema.org\",\"@graph\":[{\"@type\":\"WebPage\",\"@id\":\"https:\/\/u65.ch\/\",\"url\":\"https:\/\/u65.ch\/\",\"name\":\"Aktuelles aus der Psychoanalytischen Praxis - PD Dr. med. Andre Richter\",\"isPartOf\":{\"@id\":\"https:\/\/u65.ch\/#website\"},\"datePublished\":\"2016-04-21T14:44:20+00:00\",\"dateModified\":\"2025-11-15T10:13:08+00:00\",\"description\":\"Aktuelles \u00fcber Ferienabwesenheiten oder \u00c4nderungen in der T\u00e4tigkeit von Dr. A. Richter in seiner psychiatrischen und psychoanalytischen Praxis.\",\"breadcrumb\":{\"@id\":\"https:\/\/u65.ch\/#breadcrumb\"},\"inLanguage\":\"de\",\"potentialAction\":[{\"@type\":\"ReadAction\",\"target\":[\"https:\/\/u65.ch\/\"]}]},{\"@type\":\"BreadcrumbList\",\"@id\":\"https:\/\/u65.ch\/#breadcrumb\",\"itemListElement\":[{\"@type\":\"ListItem\",\"position\":1,\"name\":\"Startseite\",\"item\":\"https:\/\/u65.ch\/\"},{\"@type\":\"ListItem\",\"position\":2,\"name\":\"Aktuelles aus der Psychoanalytischen Praxis\"}]},{\"@type\":\"WebSite\",\"@id\":\"https:\/\/u65.ch\/#website\",\"url\":\"https:\/\/u65.ch\/\",\"name\":\"PD Dr. med. Andre Richter\",\"description\":\"Praxis f\u00fcr Psychiatrie und Psychoanalyse\",\"potentialAction\":[{\"@type\":\"SearchAction\",\"target\":{\"@type\":\"EntryPoint\",\"urlTemplate\":\"https:\/\/u65.ch\/?s={search_term_string}\"},\"query-input\":{\"@type\":\"PropertyValueSpecification\",\"valueRequired\":true,\"valueName\":\"search_term_string\"}}],\"inLanguage\":\"de\"}]}<\/script>\n<!-- \/ Yoast SEO plugin. -->","yoast_head_json":{"title":"Aktuelles aus der Psychoanalytischen Praxis - PD Dr. med. Andre Richter","description":"Aktuelles \u00fcber Ferienabwesenheiten oder \u00c4nderungen in der T\u00e4tigkeit von Dr. A. Richter in seiner psychiatrischen und psychoanalytischen Praxis.","robots":{"index":"index","follow":"follow","max-snippet":"max-snippet:-1","max-image-preview":"max-image-preview:large","max-video-preview":"max-video-preview:-1"},"canonical":"https:\/\/u65.ch\/","og_locale":"de_DE","og_type":"article","og_title":"Aktuelles aus der Psychoanalytischen Praxis - PD Dr. med. Andre Richter","og_description":"Aktuelles \u00fcber Ferienabwesenheiten oder \u00c4nderungen in der T\u00e4tigkeit von Dr. A. Richter in seiner psychiatrischen und psychoanalytischen Praxis.","og_url":"https:\/\/u65.ch\/","og_site_name":"PD Dr. med. Andre Richter","article_modified_time":"2025-11-15T10:13:08+00:00","twitter_card":"summary_large_image","twitter_misc":{"Gesch\u00e4tzte Lesezeit":"1\u00a0Minute"},"schema":{"@context":"https:\/\/schema.org","@graph":[{"@type":"WebPage","@id":"https:\/\/u65.ch\/","url":"https:\/\/u65.ch\/","name":"Aktuelles aus der Psychoanalytischen Praxis - PD Dr. med. Andre Richter","isPartOf":{"@id":"https:\/\/u65.ch\/#website"},"datePublished":"2016-04-21T14:44:20+00:00","dateModified":"2025-11-15T10:13:08+00:00","description":"Aktuelles \u00fcber Ferienabwesenheiten oder \u00c4nderungen in der T\u00e4tigkeit von Dr. A. Richter in seiner psychiatrischen und psychoanalytischen Praxis.","breadcrumb":{"@id":"https:\/\/u65.ch\/#breadcrumb"},"inLanguage":"de","potentialAction":[{"@type":"ReadAction","target":["https:\/\/u65.ch\/"]}]},{"@type":"BreadcrumbList","@id":"https:\/\/u65.ch\/#breadcrumb","itemListElement":[{"@type":"ListItem","position":1,"name":"Startseite","item":"https:\/\/u65.ch\/"},{"@type":"ListItem","position":2,"name":"Aktuelles aus der Psychoanalytischen Praxis"}]},{"@type":"WebSite","@id":"https:\/\/u65.ch\/#website","url":"https:\/\/u65.ch\/","name":"PD Dr. med. Andre Richter","description":"Praxis f\u00fcr Psychiatrie und Psychoanalyse","potentialAction":[{"@type":"SearchAction","target":{"@type":"EntryPoint","urlTemplate":"https:\/\/u65.ch\/?s={search_term_string}"},"query-input":{"@type":"PropertyValueSpecification","valueRequired":true,"valueName":"search_term_string"}}],"inLanguage":"de"}]}},"_links":{"self":[{"href":"https:\/\/u65.ch\/index.php?rest_route=\/wp\/v2\/pages\/49","targetHints":{"allow":["GET"]}}],"collection":[{"href":"https:\/\/u65.ch\/index.php?rest_route=\/wp\/v2\/pages"}],"about":[{"href":"https:\/\/u65.ch\/index.php?rest_route=\/wp\/v2\/types\/page"}],"author":[{"embeddable":true,"href":"https:\/\/u65.ch\/index.php?rest_route=\/wp\/v2\/users\/2"}],"replies":[{"embeddable":true,"href":"https:\/\/u65.ch\/index.php?rest_route=%2Fwp%2Fv2%2Fcomments&post=49"}],"version-history":[{"count":35,"href":"https:\/\/u65.ch\/index.php?rest_route=\/wp\/v2\/pages\/49\/revisions"}],"predecessor-version":[{"id":319,"href":"https:\/\/u65.ch\/index.php?rest_route=\/wp\/v2\/pages\/49\/revisions\/319"}],"wp:attachment":[{"href":"https:\/\/u65.ch\/index.php?rest_route=%2Fwp%2Fv2%2Fmedia&parent=49"}],"curies":[{"name":"wp","href":"https:\/\/api.w.org\/{rel}","templated":true}]}}